{"id":460,"date":"2019-02-16T19:28:41","date_gmt":"2019-02-16T19:28:41","guid":{"rendered":"https:\/\/alpha-majidi.com.tr\/?page_id=460"},"modified":"2025-05-24T10:14:06","modified_gmt":"2025-05-24T10:14:06","slug":"iletisim","status":"publish","type":"page","link":"https:\/\/alpha-majidi.com.tr\/?page_id=460&lang=tr","title":{"rendered":"\u0130LET\u0130\u015e\u0130M"},"content":{"rendered":"<body>\n  <div class=\"banner has-hover\" id=\"banner-1770900958\">\n          <div class=\"banner-inner fill\">\n        <div class=\"banner-bg fill\" >\n            <div class=\"bg fill bg-fill \"><\/div>\n                        <div class=\"overlay\"><\/div>            \n                    <\/div><!-- bg-layers -->\n        <div class=\"banner-layers container\">\n            <div class=\"fill banner-link\"><\/div>            \n   <div id=\"text-box-1188777012\" class=\"text-box banner-layer x50 md-x50 lg-x50 y50 md-y50 lg-y50 res-text\">\n                                <div class=\"text dark\">\n              \n\t<div class=\"is-border\"\n\t\tstyle=\"border-width:3px 3px 3px 3px;margin:9px 5px -5px -14px;\">\n\t<\/div>\n              <div class=\"text-inner text-center\">\n                  \n<h1><a class=\"nav-top-link\" href=\"https:\/\/alpha-majidi.com.tr\/?page_id=460&amp;lang=tr\">\u0130LET\u0130\u015e\u0130M<\/a><\/h1>\n              <\/div>\n           <\/div><!-- text-box-inner -->\n                            \n<style scope=\"scope\">\n\n#text-box-1188777012 .text-inner {\n  padding: 30px 20px 30px 20px;\n}\n#text-box-1188777012 {\n  width: 78%;\n}\n#text-box-1188777012 .text {\n  font-size: 100%;\n}\n\n\n@media (min-width:550px) {\n\n  #text-box-1188777012 {\n    width: 72%;\n  }\n\n}\n<\/style>\n    <\/div><!-- text-box -->\n \n<\/p>        <\/div><!-- .banner-layers -->\n      <\/div><!-- .banner-inner -->\n\n            \n<style scope=\"scope\">\n\n#banner-1770900958 {\n  padding-top: 417px;\n}\n#banner-1770900958 .bg.bg-loaded {\n  background-image: url(https:\/\/i0.wp.com\/alpha-majidi.com.tr\/wp-content\/uploads\/2019\/01\/6214a804-c049-4a84-bccc-599c79c0169d.jpg?fit=900%2C552&ssl=1);\n}\n#banner-1770900958 .overlay {\n  background-color: rgba(0, 0, 0, 0.73);\n}\n#banner-1770900958 .bg {\n  background-position: 43% 12%;\n}\n<\/style>\n  <\/div><!-- .banner -->\n\n<br>\n<div class=\"gap-element\" style=\"display:block; height:auto; padding-top:23px\" class=\"clearfix\"><\/div>\n\n\t<script type=\"text\/javascript\">\n  jQuery( document ).ready(function() {\n    function initialize() {\n        var styles = {\n            'flatsome':  [{\n            \"featureType\": \"administrative\",\n            \"stylers\": [\n              { \"visibility\": \"on\" }\n            ]\n          },\n          {\n            \"featureType\": \"road\",\n            \"stylers\": [\n              { \"visibility\": \"on\" },\n              { \"hue\": \"\" }\n            ]\n          },\n          {\n            \"stylers\": [\n\t\t\t  { \"visibility\": \"on\" },\n\t\t\t  { \"hue\": \"\" },\n\t\t\t  { \"saturation\": -30 }\n            ]\n          }\n        ]};\n\n        var myLatlng = new google.maps.LatLng(41.062753, 28.844505);\n        var myOptions = {\n            zoom: 17,\n            center: myLatlng,\n            mapTypeId: google.maps.MapTypeId.ROADMAP,\n            disableDefaultUI: true,\n            mapTypeId: 'flatsome',\n            draggable: true,\n            zoomControl: false,\n            zoomControlOptions: {\n              position: google.maps.ControlPosition.TOP_LEFT\n            },\n      \t\t\t\/\/ panControl: false,\n            \/\/ panControlOptions: {\n            \/\/   position: google.maps.ControlPosition.TOP_LEFT\n            \/\/ },\n      \t\t\tmapTypeControl: false,\n            mapTypeControlOptions: {\n              position: google.maps.ControlPosition.TOP_LEFT\n            },\n      \t\t\t\/\/ scaleControl: false,\n            \/\/ scaleControlOptions: {\n            \/\/   position: google.maps.ControlPosition.TOP_LEFT\n            \/\/ },\n      \t\t\tstreetViewControl: false,\n            streetViewControlOptions: {\n              position: google.maps.ControlPosition.TOP_LEFT\n            },\n      \t\t\t\/\/ overviewMapControl: false,\n            \/\/ overviewMapControlOptions: {\n            \/\/   position: google.maps.ControlPosition.TOP_LEFT\n            \/\/ },\n            scrollwheel: false,\n            disableDoubleClickZoom: true\n        }\n        var map = new google.maps.Map(document.getElementById(\"map-74429174-inner\"), myOptions);\n        var styledMapType = new google.maps.StyledMapType(styles['flatsome'], {name: 'flatsome'});\n        map.mapTypes.set('flatsome', styledMapType);\n\n        var marker = new google.maps.Marker({\n            position: myLatlng,\n            map: map,\n            title:\"\"\n        });\n    }\n\n    google.maps.event.addDomListener(window, 'load', initialize);\n    google.maps.event.addDomListener(window, 'resize', initialize);\n    });\n    <\/script>\n\n    <div class=\"google-map relative mb\" id=\"map-74429174\">\n        <div class=\"map-height\" id=\"map-74429174-inner\"><\/div>\n        <div id=\"map_overlay_top\"><\/div>\n        <div id=\"map_overlay_bottom\"><\/div>\n                  <div class=\"map_inner map-inner last-reset absolute x100 md-x95 lg-x95 y100 md-y95 lg-y95\">\n              \n         <\/div>\n       \n       \n<style scope=\"scope\">\n\n#map-74429174 .map-inner {\n  background-color: #fff;\n  max-width: 100%;\n}\n#map-74429174 .map-height {\n  height: 400px;\n}\n\n\n@media (min-width:550px) {\n\n  #map-74429174 .map-inner {\n    max-width: 40%;\n  }\n\n}\n\n\n@media (min-width:850px) {\n\n  #map-74429174 .map-inner {\n    max-width: 30%;\n  }\n\n}\n<\/style>\n    <\/div><!-- .map -->\n\n\t<br>\n<div class=\"row\"  id=\"row-482495032\">\n<div class=\"col medium-6 small-12 large-6\"  ><div class=\"col-inner\"  >\n<div class=\"container section-title-container\" ><h1 class=\"section-title section-title-bold-center\"><b><\/b><span class=\"section-title-main\" style=\"color:rgb(0, 184, 244);\"><i class=\"icon-angle-down\" ><\/i>\u0130LET\u0130\u015e\u0130M<\/span><b><\/b><\/h1><\/div><!-- .section-title -->\n\n<div class=\"wpcf7 no-js\" id=\"wpcf7-f8-o1\" lang=\"en-US\" dir=\"ltr\" data-wpcf7-id=\"8\">\n<div class=\"screen-reader-response\"><p role=\"status\" aria-live=\"polite\" aria-atomic=\"true\"><\/p> <ul><\/ul><\/div>\n<form action=\"\/index.php?rest_route=%2Fwp%2Fv2%2Fpages%2F460#wpcf7-f8-o1\" method=\"post\" class=\"wpcf7-form init\" aria-label=\"Contact form\" novalidate=\"novalidate\" data-status=\"init\">\n<fieldset class=\"hidden-fields-container\"><input type=\"hidden\" name=\"_wpcf7\" value=\"8\" \/><input type=\"hidden\" name=\"_wpcf7_version\" value=\"6.1.5\" \/><input type=\"hidden\" name=\"_wpcf7_locale\" value=\"en_US\" \/><input type=\"hidden\" name=\"_wpcf7_unit_tag\" value=\"wpcf7-f8-o1\" \/><input type=\"hidden\" name=\"_wpcf7_container_post\" value=\"0\" \/><input type=\"hidden\" name=\"_wpcf7_posted_data_hash\" value=\"\" \/>\n<\/fieldset>\n<p><label> Your Name (required)<br \/>\n<span class=\"wpcf7-form-control-wrap\" data-name=\"your-name\"><input size=\"40\" maxlength=\"400\" class=\"wpcf7-form-control wpcf7-text wpcf7-validates-as-required\" aria-required=\"true\" aria-invalid=\"false\" value=\"\" type=\"text\" name=\"your-name\" \/><\/span> <\/label>\n<\/p>\n<p><label> Your Email (required)<br \/>\n<span class=\"wpcf7-form-control-wrap\" data-name=\"your-email\"><input size=\"40\" maxlength=\"400\" class=\"wpcf7-form-control wpcf7-email wpcf7-validates-as-required wpcf7-text wpcf7-validates-as-email\" aria-required=\"true\" aria-invalid=\"false\" value=\"\" type=\"email\" name=\"your-email\" \/><\/span> <\/label>\n<\/p>\n<p><label> Subject<br \/>\n<span class=\"wpcf7-form-control-wrap\" data-name=\"your-subject\"><input size=\"40\" maxlength=\"400\" class=\"wpcf7-form-control wpcf7-text\" aria-invalid=\"false\" value=\"\" type=\"text\" name=\"your-subject\" \/><\/span> <\/label>\n<\/p>\n<p><label> Your Message<br \/>\n<span class=\"wpcf7-form-control-wrap\" data-name=\"your-message\"><textarea cols=\"40\" rows=\"10\" maxlength=\"2000\" class=\"wpcf7-form-control wpcf7-textarea\" aria-invalid=\"false\" name=\"your-message\"><\/textarea><\/span> <\/label>\n<\/p>\n<p><input class=\"wpcf7-form-control wpcf7-submit has-spinner\" type=\"submit\" value=\"Send\" \/>\n<\/p><div class=\"wpcf7-response-output\" aria-hidden=\"true\"><\/div>\n<\/form>\n<\/div>\n\n<\/div><\/div><br>\n<div class=\"col medium-6 small-12 large-6\"  ><div class=\"col-inner\"  >\n<div class=\"container section-title-container\" ><h1 class=\"section-title section-title-bold-center\"><b><\/b><span class=\"section-title-main\" style=\"color:rgb(8, 194, 225);\"><i class=\"icon-angle-down\" ><\/i>\u0130LETI\u015eIM BILGISI<\/span><b><\/b><\/h1><\/div><!-- .section-title -->\n<div class=\"container section-title-container\" ><h1 class=\"section-title section-title-normal\"><b><\/b><span class=\"section-title-main\" style=\"color:rgb(8, 194, 225);\"><i class=\"icon-angle-down\" ><\/i>BA\u015eLIK<\/span><b><\/b><\/h1><\/div><!-- .section-title -->\n<h3 style=\"text-align: left;\">G\u00f6ztepe Mah. Bat\u0131\u015fehir Cad. Bat\u0131\u015fehir Sitesi No:2\/2 K3 Blok No:65,34218 Ba\u011fc\u0131lar \u0130stanbul T\u00fcrkiye<\/h3>\n<div class=\"container section-title-container\" ><h1 class=\"section-title section-title-normal\"><b><\/b><span class=\"section-title-main\" style=\"color:rgb(8, 194, 225);\"><i class=\"icon-angle-down\" ><\/i>OFF\u0130CE<\/span><b><\/b><\/h1><\/div><!-- .section-title -->\n<h2 style=\"text-align: center;\">+9021280326334<\/h2>\n<div class=\"container section-title-container\" ><h1 class=\"section-title section-title-normal\"><b><\/b><span class=\"section-title-main\" style=\"color:rgb(8, 194, 225);\"><i class=\"icon-angle-down\" ><\/i>TELEFON<\/span><b><\/b><\/h1><\/div><!-- .section-title -->\n<h2 style=\"text-align: center;\">+905428147620<\/h2>\n<div class=\"container section-title-container\" ><h1 class=\"section-title section-title-normal\"><b><\/b><span class=\"section-title-main\" style=\"color:rgb(8, 194, 225);\"><i class=\"icon-angle-down\" ><\/i>E-POSTA<\/span><b><\/b><\/h1><\/div><!-- .section-title -->\n<h1 style=\"text-align: center;\"><span style=\"font-size: 90%;\">info@Alpha-majidi.com.tr<\/span><\/h1>\n<h1 style=\"text-align: center;\">project.ass@alpha-majidi.com.tr<\/h1>\n<h1 style=\"text-align: center;\"><strong> project.manager@alpha-majidi.com.tr <\/strong><\/h1>\n<\/div><\/div>\n<\/div>\n<\/body>","protected":false},"excerpt":{"rendered":"","protected":false},"author":1,"featured_media":0,"parent":0,"menu_order":0,"comment_status":"closed","ping_status":"closed","template":"","meta":{"om_disable_all_campaigns":false,"_monsterinsights_skip_tracking":false,"_monsterinsights_sitenote_active":false,"_monsterinsights_sitenote_note":"","_monsterinsights_sitenote_category":0,"footnotes":""},"class_list":["post-460","page","type-page","status-publish","hentry"],"jetpack_sharing_enabled":true,"_links":{"self":[{"href":"https:\/\/alpha-majidi.com.tr\/index.php?rest_route=\/wp\/v2\/pages\/460","targetHints":{"allow":["GET"]}}],"collection":[{"href":"https:\/\/alpha-majidi.com.tr\/index.php?rest_route=\/wp\/v2\/pages"}],"about":[{"href":"https:\/\/alpha-majidi.com.tr\/index.php?rest_route=\/wp\/v2\/types\/page"}],"author":[{"embeddable":true,"href":"https:\/\/alpha-majidi.com.tr\/index.php?rest_route=\/wp\/v2\/users\/1"}],"replies":[{"embeddable":true,"href":"https:\/\/alpha-majidi.com.tr\/index.php?rest_route=%2Fwp%2Fv2%2Fcomments&post=460"}],"version-history":[{"count":5,"href":"https:\/\/alpha-majidi.com.tr\/index.php?rest_route=\/wp\/v2\/pages\/460\/revisions"}],"predecessor-version":[{"id":761,"href":"https:\/\/alpha-majidi.com.tr\/index.php?rest_route=\/wp\/v2\/pages\/460\/revisions\/761"}],"wp:attachment":[{"href":"https:\/\/alpha-majidi.com.tr\/index.php?rest_route=%2Fwp%2Fv2%2Fmedia&parent=460"}],"curies":[{"name":"wp","href":"https:\/\/api.w.org\/{rel}","templated":true}]}}