{"id":466,"date":"2019-02-16T19:30:58","date_gmt":"2019-02-16T19:30:58","guid":{"rendered":"https:\/\/alpha-majidi.com.tr\/?page_id=466"},"modified":"2019-02-17T08:22:43","modified_gmt":"2019-02-17T08:22:43","slug":"haberler","status":"publish","type":"page","link":"https:\/\/alpha-majidi.com.tr\/?page_id=466&lang=tr","title":{"rendered":"HABERLER"},"content":{"rendered":"<body>\n  <div class=\"banner has-hover\" id=\"banner-740072443\">\n          <div class=\"banner-inner fill\">\n        <div class=\"banner-bg fill\" >\n            <div class=\"bg fill bg-fill \"><\/div>\n                        <div class=\"overlay\"><\/div>            \n                    <\/div><!-- bg-layers -->\n        <div class=\"banner-layers container\">\n            <div class=\"fill banner-link\"><\/div>            \n   <div id=\"text-box-615398960\" class=\"text-box banner-layer x50 md-x50 lg-x50 y50 md-y50 lg-y50 res-text\">\n                                <div class=\"text dark\">\n              \n\t<div class=\"is-border\"\n\t\tstyle=\"border-width:3px 3px 3px 3px;margin:43px 0px 44px 0px;\">\n\t<\/div>\n              <div class=\"text-inner text-center\">\n                  \n<h4 class=\"uppercase\">\u00a0<\/h4>\n<h1 class=\"uppercase\"><a class=\"nav-top-link\" href=\"https:\/\/ieeo.alhumidy.com\/haberler\/\">HABERLER<\/a><\/h1>\n<p class=\"uppercase\">\u00a0<\/p>\n              <\/div>\n           <\/div><!-- text-box-inner -->\n                            \n<style scope=\"scope\">\n\n#text-box-615398960 .text-inner {\n  padding: 30px 20px 30px 20px;\n}\n#text-box-615398960 {\n  width: 78%;\n}\n#text-box-615398960 .text {\n  font-size: 100%;\n}\n\n\n@media (min-width:550px) {\n\n  #text-box-615398960 {\n    width: 72%;\n  }\n\n}\n<\/style>\n    <\/div><!-- text-box -->\n \n<\/p>        <\/div><!-- .banner-layers -->\n      <\/div><!-- .banner-inner -->\n\n            \n<style scope=\"scope\">\n\n#banner-740072443 {\n  padding-top: 200px;\n}\n#banner-740072443 .bg.bg-loaded {\n  background-image: url(https:\/\/i0.wp.com\/alpha-majidi.com.tr\/wp-content\/uploads\/2018\/12\/logo.png?fit=657%2C647&ssl=1);\n}\n#banner-740072443 .overlay {\n  background-color: rgba(0, 0, 0, 0.73);\n}\n#banner-740072443 .bg {\n  background-position: 55% 18%;\n}\n<\/style>\n  <\/div><!-- .banner -->\n\n<br>\n\n  \n    <div class=\"row large-columns-3 medium-columns- small-columns-1 slider row-slider slider-nav-reveal slider-nav-push\"  data-flickity-options='{\"imagesLoaded\": true, \"groupCells\": \"100%\", \"dragThreshold\" : 5, \"cellAlign\": \"left\",\"wrapAround\": true,\"prevNextButtons\": true,\"percentPosition\": true,\"pageDots\": false, \"rightToLeft\": false, \"autoPlay\" : false}'>\n\n  \t\t<div class=\"col post-item\" >\n\t\t\t<div class=\"col-inner\">\n\t\t\t<a href=\"https:\/\/alpha-majidi.com.tr\/?p=493&#038;lang=tr\" class=\"plain\">\n\t\t\t\t<div class=\"box box-bounce box-text-bottom box-blog-post has-hover\">\n            \t\t\t\t\t<div class=\"box-image\" >\n  \t\t\t\t\t\t<div class=\"image-cover\" style=\"padding-top:75%;\">\n  \t\t\t\t\t\t\t<body><img decoding=\"async\" width=\"300\" height=\"295\" src=\"https:\/\/i0.wp.com\/alpha-majidi.com.tr\/wp-content\/uploads\/2019\/02\/logos.png?fit=300%2C295&amp;ssl=1\" class=\"attachment-medium size-medium wp-post-image\" alt=\"\" srcset=\"https:\/\/i0.wp.com\/alpha-majidi.com.tr\/wp-content\/uploads\/2019\/02\/logos.png?w=657&amp;ssl=1 657w, https:\/\/i0.wp.com\/alpha-majidi.com.tr\/wp-content\/uploads\/2019\/02\/logos.png?resize=300%2C295&amp;ssl=1 300w\" sizes=\"auto, (max-width: 300px) 100vw, 300px\" loading=\"lazy\"><\/body>  \t\t\t\t\t\t\t  \t\t\t\t\t\t\t  \t\t\t\t\t\t<\/div>\n  \t\t\t\t\t\t  \t\t\t\t\t<\/div><!-- .box-image -->\n          \t\t\t\t\t<div class=\"box-text text-center\" style=\"background-color:rgba(0, 173, 251, 0.25);\">\n\t\t\t\t\t<div class=\"box-text-inner blog-post-inner\">\n\n\t\t\t\t\t\n\t\t\t\t\t\t\t\t\t\t<h5 class=\"post-title is-large \">Logo fikri<\/h5>\n\t\t\t\t\t\t\t\t\t\t<div class=\"is-divider\"><\/div>\n\t\t\t\t\t\t\t\t\t\t<p class=\"from_the_blog_excerpt \">Me\u015fale enerji alanlar\u0131nda ba\u015flar, b\u00f6ylece patent entelekt\u00fcel d\u00fc\u015f\u00fcnce ve yarat\u0131c\u0131l\u0131k ve m\u00fclkiyet fikri dayanarak, Valmbbah [...]\t\t\t\t\t<\/p>\n\t\t\t\t\t                    \n\t\t\t\t\t\n\t\t\t\t\t\n\t\t\t\t\t<\/div><!-- .box-text-inner -->\n\t\t\t\t\t<\/div><!-- .box-text -->\n\t\t\t\t\t\t\t\t\t<\/div><!-- .box -->\n\t\t\t\t<\/a><!-- .link -->\n\t\t\t<\/div><!-- .col-inner -->\n\t\t<\/div><!-- .col -->\n\t\t<div class=\"col post-item\" >\n\t\t\t<div class=\"col-inner\">\n\t\t\t<a href=\"https:\/\/alpha-majidi.com.tr\/?p=490&#038;lang=tr\" class=\"plain\">\n\t\t\t\t<div class=\"box box-bounce box-text-bottom box-blog-post has-hover\">\n            \t\t\t\t\t<div class=\"box-image\" >\n  \t\t\t\t\t\t<div class=\"image-cover\" style=\"padding-top:75%;\">\n  \t\t\t\t\t\t\t<body><img decoding=\"async\" width=\"300\" height=\"169\" src=\"https:\/\/i0.wp.com\/alpha-majidi.com.tr\/wp-content\/uploads\/2018\/12\/5b92db26-c5e5-43d2-be8d-827af03dc29d.jpg?fit=300%2C169&amp;ssl=1\" class=\"attachment-medium size-medium wp-post-image\" alt=\"\" srcset=\"https:\/\/i0.wp.com\/alpha-majidi.com.tr\/wp-content\/uploads\/2018\/12\/5b92db26-c5e5-43d2-be8d-827af03dc29d.jpg?w=1280&amp;ssl=1 1280w, https:\/\/i0.wp.com\/alpha-majidi.com.tr\/wp-content\/uploads\/2018\/12\/5b92db26-c5e5-43d2-be8d-827af03dc29d.jpg?resize=300%2C169&amp;ssl=1 300w, https:\/\/i0.wp.com\/alpha-majidi.com.tr\/wp-content\/uploads\/2018\/12\/5b92db26-c5e5-43d2-be8d-827af03dc29d.jpg?resize=768%2C432&amp;ssl=1 768w, https:\/\/i0.wp.com\/alpha-majidi.com.tr\/wp-content\/uploads\/2018\/12\/5b92db26-c5e5-43d2-be8d-827af03dc29d.jpg?resize=1024%2C576&amp;ssl=1 1024w\" sizes=\"auto, (max-width: 300px) 100vw, 300px\" loading=\"lazy\"><\/body>  \t\t\t\t\t\t\t  \t\t\t\t\t\t\t  \t\t\t\t\t\t<\/div>\n  \t\t\t\t\t\t  \t\t\t\t\t<\/div><!-- .box-image -->\n          \t\t\t\t\t<div class=\"box-text text-center\" style=\"background-color:rgba(0, 173, 251, 0.25);\">\n\t\t\t\t\t<div class=\"box-text-inner blog-post-inner\">\n\n\t\t\t\t\t\n\t\t\t\t\t\t\t\t\t\t<h5 class=\"post-title is-large \">NEDEN MARMARA DENIZI?<\/h5>\n\t\t\t\t\t\t\t\t\t\t<div class=\"is-divider\"><\/div>\n\t\t\t\t\t\t\t\t\t\t<p class=\"from_the_blog_excerpt \">Akdeniz ve Karadeniz ve site d\u00fcnyada hi\u00e7bir paralel yoktur T\u00fcrkiye\u2019de, Tanr\u0131\u2019n\u0131n arma\u011fan\u0131d\u0131r s\u00fcrekli d\u00f6k\u00fcm ve [...]\t\t\t\t\t<\/p>\n\t\t\t\t\t                    \n\t\t\t\t\t\n\t\t\t\t\t\n\t\t\t\t\t<\/div><!-- .box-text-inner -->\n\t\t\t\t\t<\/div><!-- .box-text -->\n\t\t\t\t\t\t\t\t\t<\/div><!-- .box -->\n\t\t\t\t<\/a><!-- .link -->\n\t\t\t<\/div><!-- .col-inner -->\n\t\t<\/div><!-- .col -->\n\t\t<div class=\"col post-item\" >\n\t\t\t<div class=\"col-inner\">\n\t\t\t<a href=\"https:\/\/alpha-majidi.com.tr\/?p=488&#038;lang=en\" class=\"plain\">\n\t\t\t\t<div class=\"box box-bounce box-text-bottom box-blog-post has-hover\">\n            \t\t\t\t\t<div class=\"box-image\" >\n  \t\t\t\t\t\t<div class=\"image-cover\" style=\"padding-top:75%;\">\n  \t\t\t\t\t\t\t<body><img decoding=\"async\" width=\"300\" height=\"295\" src=\"https:\/\/i0.wp.com\/alpha-majidi.com.tr\/wp-content\/uploads\/2019\/02\/logos.png?fit=300%2C295&amp;ssl=1\" class=\"attachment-medium size-medium wp-post-image\" alt=\"\" srcset=\"https:\/\/i0.wp.com\/alpha-majidi.com.tr\/wp-content\/uploads\/2019\/02\/logos.png?w=657&amp;ssl=1 657w, https:\/\/i0.wp.com\/alpha-majidi.com.tr\/wp-content\/uploads\/2019\/02\/logos.png?resize=300%2C295&amp;ssl=1 300w\" sizes=\"auto, (max-width: 300px) 100vw, 300px\" loading=\"lazy\"><\/body>  \t\t\t\t\t\t\t  \t\t\t\t\t\t\t  \t\t\t\t\t\t<\/div>\n  \t\t\t\t\t\t  \t\t\t\t\t<\/div><!-- .box-image -->\n          \t\t\t\t\t<div class=\"box-text text-center\" style=\"background-color:rgba(0, 173, 251, 0.25);\">\n\t\t\t\t\t<div class=\"box-text-inner blog-post-inner\">\n\n\t\t\t\t\t\n\t\t\t\t\t\t\t\t\t\t<h5 class=\"post-title is-large \">Logo idea<\/h5>\n\t\t\t\t\t\t\t\t\t\t<div class=\"is-divider\"><\/div>\n\t\t\t\t\t\t\t\t\t\t<p class=\"from_the_blog_excerpt \">Based on the idea of patent and intellectual property thought and creativity, the electric lamp [...]\t\t\t\t\t<\/p>\n\t\t\t\t\t                    \n\t\t\t\t\t\n\t\t\t\t\t\n\t\t\t\t\t<\/div><!-- .box-text-inner -->\n\t\t\t\t\t<\/div><!-- .box-text -->\n\t\t\t\t\t\t\t\t\t<\/div><!-- .box -->\n\t\t\t\t<\/a><!-- .link -->\n\t\t\t<\/div><!-- .col-inner -->\n\t\t<\/div><!-- .col -->\n\t\t<div class=\"col post-item\" >\n\t\t\t<div class=\"col-inner\">\n\t\t\t<a href=\"https:\/\/alpha-majidi.com.tr\/?p=486&#038;lang=en\" class=\"plain\">\n\t\t\t\t<div class=\"box box-bounce box-text-bottom box-blog-post has-hover\">\n            \t\t\t\t\t<div class=\"box-image\" >\n  \t\t\t\t\t\t<div class=\"image-cover\" style=\"padding-top:75%;\">\n  \t\t\t\t\t\t\t<body><img decoding=\"async\" width=\"300\" height=\"169\" src=\"https:\/\/i0.wp.com\/alpha-majidi.com.tr\/wp-content\/uploads\/2018\/12\/5b92db26-c5e5-43d2-be8d-827af03dc29d.jpg?fit=300%2C169&amp;ssl=1\" class=\"attachment-medium size-medium wp-post-image\" alt=\"\" srcset=\"https:\/\/i0.wp.com\/alpha-majidi.com.tr\/wp-content\/uploads\/2018\/12\/5b92db26-c5e5-43d2-be8d-827af03dc29d.jpg?w=1280&amp;ssl=1 1280w, https:\/\/i0.wp.com\/alpha-majidi.com.tr\/wp-content\/uploads\/2018\/12\/5b92db26-c5e5-43d2-be8d-827af03dc29d.jpg?resize=300%2C169&amp;ssl=1 300w, https:\/\/i0.wp.com\/alpha-majidi.com.tr\/wp-content\/uploads\/2018\/12\/5b92db26-c5e5-43d2-be8d-827af03dc29d.jpg?resize=768%2C432&amp;ssl=1 768w, https:\/\/i0.wp.com\/alpha-majidi.com.tr\/wp-content\/uploads\/2018\/12\/5b92db26-c5e5-43d2-be8d-827af03dc29d.jpg?resize=1024%2C576&amp;ssl=1 1024w\" sizes=\"auto, (max-width: 300px) 100vw, 300px\" loading=\"lazy\"><\/body>  \t\t\t\t\t\t\t  \t\t\t\t\t\t\t  \t\t\t\t\t\t<\/div>\n  \t\t\t\t\t\t  \t\t\t\t\t<\/div><!-- .box-image -->\n          \t\t\t\t\t<div class=\"box-text text-center\" style=\"background-color:rgba(0, 173, 251, 0.25);\">\n\t\t\t\t\t<div class=\"box-text-inner blog-post-inner\">\n\n\t\t\t\t\t\n\t\t\t\t\t\t\t\t\t\t<h5 class=\"post-title is-large \">WHY THE SEA OF MARMARA?<\/h5>\n\t\t\t\t\t\t\t\t\t\t<div class=\"is-divider\"><\/div>\n\t\t\t\t\t\t\t\t\t\t<p class=\"from_the_blog_excerpt \">The vision of Turkey for the year 2023, the year of the centennial of the [...]\t\t\t\t\t<\/p>\n\t\t\t\t\t                    \n\t\t\t\t\t\n\t\t\t\t\t\n\t\t\t\t\t<\/div><!-- .box-text-inner -->\n\t\t\t\t\t<\/div><!-- .box-text -->\n\t\t\t\t\t\t\t\t\t<\/div><!-- .box -->\n\t\t\t\t<\/a><!-- .link -->\n\t\t\t<\/div><!-- .col-inner -->\n\t\t<\/div><!-- .col -->\n\t\t<div class=\"col post-item\" >\n\t\t\t<div class=\"col-inner\">\n\t\t\t<a href=\"https:\/\/alpha-majidi.com.tr\/?p=434&#038;lang=tr\" class=\"plain\">\n\t\t\t\t<div class=\"box box-bounce box-text-bottom box-blog-post has-hover\">\n            \t\t\t\t\t<div class=\"box-image\" >\n  \t\t\t\t\t\t<div class=\"image-cover\" style=\"padding-top:75%;\">\n  \t\t\t\t\t\t\t<body><img decoding=\"async\" width=\"300\" height=\"169\" src=\"https:\/\/i0.wp.com\/alpha-majidi.com.tr\/wp-content\/uploads\/2018\/12\/4668b687-3ce8-4827-bbd6-a7f35601c857.jpg?fit=300%2C169&amp;ssl=1\" class=\"attachment-medium size-medium wp-post-image\" alt=\"\" srcset=\"https:\/\/i0.wp.com\/alpha-majidi.com.tr\/wp-content\/uploads\/2018\/12\/4668b687-3ce8-4827-bbd6-a7f35601c857.jpg?w=1280&amp;ssl=1 1280w, https:\/\/i0.wp.com\/alpha-majidi.com.tr\/wp-content\/uploads\/2018\/12\/4668b687-3ce8-4827-bbd6-a7f35601c857.jpg?resize=300%2C169&amp;ssl=1 300w, https:\/\/i0.wp.com\/alpha-majidi.com.tr\/wp-content\/uploads\/2018\/12\/4668b687-3ce8-4827-bbd6-a7f35601c857.jpg?resize=768%2C432&amp;ssl=1 768w, https:\/\/i0.wp.com\/alpha-majidi.com.tr\/wp-content\/uploads\/2018\/12\/4668b687-3ce8-4827-bbd6-a7f35601c857.jpg?resize=1024%2C576&amp;ssl=1 1024w\" sizes=\"auto, (max-width: 300px) 100vw, 300px\" loading=\"lazy\"><\/body>  \t\t\t\t\t\t\t  \t\t\t\t\t\t\t  \t\t\t\t\t\t<\/div>\n  \t\t\t\t\t\t  \t\t\t\t\t<\/div><!-- .box-image -->\n          \t\t\t\t\t<div class=\"box-text text-center\" style=\"background-color:rgba(0, 173, 251, 0.25);\">\n\t\t\t\t\t<div class=\"box-text-inner blog-post-inner\">\n\n\t\t\t\t\t\n\t\t\t\t\t\t\t\t\t\t<h5 class=\"post-title is-large \">Deniz ak\u0131nt\u0131lar\u0131ndan yenilenebilir enerji gelecek vaad ediyor<\/h5>\n\t\t\t\t\t\t\t\t\t\t<div class=\"is-divider\"><\/div>\n\t\t\t\t\t\t\t\t\t\t<p class=\"from_the_blog_excerpt \">Giri\u015f:Akdeniz ve Karadeniz ve site d\u00fcnyada hi\u00e7bir paralel yoktur T\u00fcrkiye\u2019de, Tanr\u0131\u2019n\u0131n arma\u011fan\u0131d\u0131r s\u00fcrekli d\u00f6k\u00fcm ve [...]\t\t\t\t\t<\/p>\n\t\t\t\t\t                    \n\t\t\t\t\t\n\t\t\t\t\t\n\t\t\t\t\t<\/div><!-- .box-text-inner -->\n\t\t\t\t\t<\/div><!-- .box-text -->\n\t\t\t\t\t\t\t\t\t<\/div><!-- .box -->\n\t\t\t\t<\/a><!-- .link -->\n\t\t\t<\/div><!-- .col-inner -->\n\t\t<\/div><!-- .col -->\n\t\t<div class=\"col post-item\" >\n\t\t\t<div class=\"col-inner\">\n\t\t\t<a href=\"https:\/\/alpha-majidi.com.tr\/?p=431&#038;lang=en\" class=\"plain\">\n\t\t\t\t<div class=\"box box-bounce box-text-bottom box-blog-post has-hover\">\n            \t\t\t\t\t<div class=\"box-image\" >\n  \t\t\t\t\t\t<div class=\"image-cover\" style=\"padding-top:75%;\">\n  \t\t\t\t\t\t\t<body><img decoding=\"async\" width=\"300\" height=\"169\" src=\"https:\/\/i0.wp.com\/alpha-majidi.com.tr\/wp-content\/uploads\/2018\/12\/4668b687-3ce8-4827-bbd6-a7f35601c857.jpg?fit=300%2C169&amp;ssl=1\" class=\"attachment-medium size-medium wp-post-image\" alt=\"\" srcset=\"https:\/\/i0.wp.com\/alpha-majidi.com.tr\/wp-content\/uploads\/2018\/12\/4668b687-3ce8-4827-bbd6-a7f35601c857.jpg?w=1280&amp;ssl=1 1280w, https:\/\/i0.wp.com\/alpha-majidi.com.tr\/wp-content\/uploads\/2018\/12\/4668b687-3ce8-4827-bbd6-a7f35601c857.jpg?resize=300%2C169&amp;ssl=1 300w, https:\/\/i0.wp.com\/alpha-majidi.com.tr\/wp-content\/uploads\/2018\/12\/4668b687-3ce8-4827-bbd6-a7f35601c857.jpg?resize=768%2C432&amp;ssl=1 768w, https:\/\/i0.wp.com\/alpha-majidi.com.tr\/wp-content\/uploads\/2018\/12\/4668b687-3ce8-4827-bbd6-a7f35601c857.jpg?resize=1024%2C576&amp;ssl=1 1024w\" sizes=\"auto, (max-width: 300px) 100vw, 300px\" loading=\"lazy\"><\/body>  \t\t\t\t\t\t\t  \t\t\t\t\t\t\t  \t\t\t\t\t\t<\/div>\n  \t\t\t\t\t\t  \t\t\t\t\t<\/div><!-- .box-image -->\n          \t\t\t\t\t<div class=\"box-text text-center\" style=\"background-color:rgba(0, 173, 251, 0.25);\">\n\t\t\t\t\t<div class=\"box-text-inner blog-post-inner\">\n\n\t\t\t\t\t\n\t\t\t\t\t\t\t\t\t\t<h5 class=\"post-title is-large \">Renewable energy from marine currents has a promising future<\/h5>\n\t\t\t\t\t\t\t\t\t\t<div class=\"is-divider\"><\/div>\n\t\t\t\t\t\t\t\t\t\t<p class=\"from_the_blog_excerpt \">Introduction:The strategic location of Marmara Sea between the Mediterranean Sea and the Black Sea is [...]\t\t\t\t\t<\/p>\n\t\t\t\t\t                    \n\t\t\t\t\t\n\t\t\t\t\t\n\t\t\t\t\t<\/div><!-- .box-text-inner -->\n\t\t\t\t\t<\/div><!-- .box-text -->\n\t\t\t\t\t\t\t\t\t<\/div><!-- .box -->\n\t\t\t\t<\/a><!-- .link -->\n\t\t\t<\/div><!-- .col-inner -->\n\t\t<\/div><!-- .col -->\n\t\t<div class=\"col post-item\" >\n\t\t\t<div class=\"col-inner\">\n\t\t\t<a href=\"https:\/\/alpha-majidi.com.tr\/?p=217\" class=\"plain\">\n\t\t\t\t<div class=\"box box-bounce box-text-bottom box-blog-post has-hover\">\n            \t\t\t\t\t<div class=\"box-image\" >\n  \t\t\t\t\t\t<div class=\"image-cover\" style=\"padding-top:75%;\">\n  \t\t\t\t\t\t\t<body><img decoding=\"async\" width=\"300\" height=\"169\" src=\"https:\/\/i0.wp.com\/alpha-majidi.com.tr\/wp-content\/uploads\/2018\/12\/4668b687-3ce8-4827-bbd6-a7f35601c857.jpg?fit=300%2C169&amp;ssl=1\" class=\"attachment-medium size-medium wp-post-image\" alt=\"\" srcset=\"https:\/\/i0.wp.com\/alpha-majidi.com.tr\/wp-content\/uploads\/2018\/12\/4668b687-3ce8-4827-bbd6-a7f35601c857.jpg?w=1280&amp;ssl=1 1280w, https:\/\/i0.wp.com\/alpha-majidi.com.tr\/wp-content\/uploads\/2018\/12\/4668b687-3ce8-4827-bbd6-a7f35601c857.jpg?resize=300%2C169&amp;ssl=1 300w, https:\/\/i0.wp.com\/alpha-majidi.com.tr\/wp-content\/uploads\/2018\/12\/4668b687-3ce8-4827-bbd6-a7f35601c857.jpg?resize=768%2C432&amp;ssl=1 768w, https:\/\/i0.wp.com\/alpha-majidi.com.tr\/wp-content\/uploads\/2018\/12\/4668b687-3ce8-4827-bbd6-a7f35601c857.jpg?resize=1024%2C576&amp;ssl=1 1024w\" sizes=\"auto, (max-width: 300px) 100vw, 300px\" loading=\"lazy\"><\/body>  \t\t\t\t\t\t\t  \t\t\t\t\t\t\t  \t\t\t\t\t\t<\/div>\n  \t\t\t\t\t\t  \t\t\t\t\t<\/div><!-- .box-image -->\n          \t\t\t\t\t<div class=\"box-text text-center\" style=\"background-color:rgba(0, 173, 251, 0.25);\">\n\t\t\t\t\t<div class=\"box-text-inner blog-post-inner\">\n\n\t\t\t\t\t\n\t\t\t\t\t\t\t\t\t\t<h5 class=\"post-title is-large \">\u0627\u0644\u0637\u0627\u0642\u0629 \u0627\u0644\u0645\u062a\u062c\u062f\u062f\u0629 \u0645\u0646 \u0627\u0644\u062a\u064a\u0627\u0631\u0627\u062a \u0627\u0644\u0628\u062d\u0631\u064a\u0629 \u0630\u0627\u062a \u0645\u0633\u062a\u0640\u0642\u0640\u0628\u0640\u0644 \u0648\u0627\u0639\u0640\u0640\u062f<\/h5>\n\t\t\t\t\t\t\t\t\t\t<div class=\"is-divider\"><\/div>\n\t\t\t\t\t\t\t\t\t\t<p class=\"from_the_blog_excerpt \">\u0627\u0644\u062a\u064a\u0627\u0631\u0627\u062a \u0627\u0644\u0628\u062d\u0631\u064a\u0629:\u0647\u064a \u0639\u0628\u0627\u0631\u0629 \u0639\u0646 \u0623\u0646\u0647\u0627\u0631\u060c \u0623\u0648 \u062d\u0632\u0645\u060c \u0623\u0648 \u0643\u062a\u0644 \u0645\u0627\u0626\u064a\u0629 \u0639\u0638\u064a\u0645\u0629 \u064a\u0628\u0644\u063a \u0639\u0631\u0636 \u0627\u0644\u062d\u0632\u0645\u0629 \u0627\u0644\u0648\u0627\u062d\u062f\u0629 [...]\t\t\t\t\t<\/p>\n\t\t\t\t\t                    \n\t\t\t\t\t\n\t\t\t\t\t\n\t\t\t\t\t<\/div><!-- .box-text-inner -->\n\t\t\t\t\t<\/div><!-- .box-text -->\n\t\t\t\t\t\t\t\t\t<\/div><!-- .box -->\n\t\t\t\t<\/a><!-- .link -->\n\t\t\t<\/div><!-- .col-inner -->\n\t\t<\/div><!-- .col -->\n\t\t<div class=\"col post-item\" >\n\t\t\t<div class=\"col-inner\">\n\t\t\t<a href=\"https:\/\/alpha-majidi.com.tr\/?p=138\" class=\"plain\">\n\t\t\t\t<div class=\"box box-bounce box-text-bottom box-blog-post has-hover\">\n            \t\t\t\t\t<div class=\"box-image\" >\n  \t\t\t\t\t\t<div class=\"image-cover\" style=\"padding-top:75%;\">\n  \t\t\t\t\t\t\t<body><img decoding=\"async\" width=\"300\" height=\"169\" src=\"https:\/\/i0.wp.com\/alpha-majidi.com.tr\/wp-content\/uploads\/2018\/12\/5b92db26-c5e5-43d2-be8d-827af03dc29d.jpg?fit=300%2C169&amp;ssl=1\" class=\"attachment-medium size-medium wp-post-image\" alt=\"\" srcset=\"https:\/\/i0.wp.com\/alpha-majidi.com.tr\/wp-content\/uploads\/2018\/12\/5b92db26-c5e5-43d2-be8d-827af03dc29d.jpg?w=1280&amp;ssl=1 1280w, https:\/\/i0.wp.com\/alpha-majidi.com.tr\/wp-content\/uploads\/2018\/12\/5b92db26-c5e5-43d2-be8d-827af03dc29d.jpg?resize=300%2C169&amp;ssl=1 300w, https:\/\/i0.wp.com\/alpha-majidi.com.tr\/wp-content\/uploads\/2018\/12\/5b92db26-c5e5-43d2-be8d-827af03dc29d.jpg?resize=768%2C432&amp;ssl=1 768w, https:\/\/i0.wp.com\/alpha-majidi.com.tr\/wp-content\/uploads\/2018\/12\/5b92db26-c5e5-43d2-be8d-827af03dc29d.jpg?resize=1024%2C576&amp;ssl=1 1024w\" sizes=\"auto, (max-width: 300px) 100vw, 300px\" loading=\"lazy\"><\/body>  \t\t\t\t\t\t\t  \t\t\t\t\t\t\t  \t\t\t\t\t\t<\/div>\n  \t\t\t\t\t\t  \t\t\t\t\t<\/div><!-- .box-image -->\n          \t\t\t\t\t<div class=\"box-text text-center\" style=\"background-color:rgba(0, 173, 251, 0.25);\">\n\t\t\t\t\t<div class=\"box-text-inner blog-post-inner\">\n\n\t\t\t\t\t\n\t\t\t\t\t\t\t\t\t\t<h5 class=\"post-title is-large \">\u0644\u0645\u0627\u0630\u0627 \u0628\u062d\u0631 \u0645\u0631\u0645\u0631\u0629 \u061f<\/h5>\n\t\t\t\t\t\t\t\t\t\t<div class=\"is-divider\"><\/div>\n\t\t\t\t\t\t\t\t\t\t<p class=\"from_the_blog_excerpt \">\u064a\u0639\u062a\u0628\u0631 \u0627\u0644\u0645\u0648\u0642\u0639 \u0627\u0644\u0627\u0633\u062a\u0631\u0627\u062a\u064a\u062c\u064a \u0644\u0628\u062d\u0631 \u0645\u0631\u0645\u0631\u0629 \u0627\u0644\u0648\u0627\u0642\u0639 \u0628\u064a\u0646 \u0627\u0644\u0628\u062d\u0631 \u0627\u0644\u0623\u0628\u064a\u0636 \u0627\u0644\u0645\u062a\u0648\u0633\u0637 \u0648\u0627\u0644\u0628\u062d\u0631 \u0627\u0644\u0623\u0633\u0648\u062f\u0645\u062d\u0642\u0642\u0627 \u0644\u0646\u0638\u0631\u064a\u0629 \u0627\u0644\u0635\u0628 \u0648\u0627\u0644\u062a\u062f\u0641\u0642 [...]\t\t\t\t\t<\/p>\n\t\t\t\t\t                    \n\t\t\t\t\t\n\t\t\t\t\t\n\t\t\t\t\t<\/div><!-- .box-text-inner -->\n\t\t\t\t\t<\/div><!-- .box-text -->\n\t\t\t\t\t\t\t\t\t<\/div><!-- .box -->\n\t\t\t\t<\/a><!-- .link -->\n\t\t\t<\/div><!-- .col-inner -->\n\t\t<\/div><!-- .col -->\n<\/div>\n<\/body>","protected":false},"excerpt":{"rendered":"","protected":false},"author":1,"featured_media":0,"parent":0,"menu_order":0,"comment_status":"closed","ping_status":"closed","template":"","meta":{"om_disable_all_campaigns":false,"_monsterinsights_skip_tracking":false,"_monsterinsights_sitenote_active":false,"_monsterinsights_sitenote_note":"","_monsterinsights_sitenote_category":0,"footnotes":""},"class_list":["post-466","page","type-page","status-publish","hentry"],"jetpack_sharing_enabled":true,"_links":{"self":[{"href":"https:\/\/alpha-majidi.com.tr\/index.php?rest_route=\/wp\/v2\/pages\/466","targetHints":{"allow":["GET"]}}],"collection":[{"href":"https:\/\/alpha-majidi.com.tr\/index.php?rest_route=\/wp\/v2\/pages"}],"about":[{"href":"https:\/\/alpha-majidi.com.tr\/index.php?rest_route=\/wp\/v2\/types\/page"}],"author":[{"embeddable":true,"href":"https:\/\/alpha-majidi.com.tr\/index.php?rest_route=\/wp\/v2\/users\/1"}],"replies":[{"embeddable":true,"href":"https:\/\/alpha-majidi.com.tr\/index.php?rest_route=%2Fwp%2Fv2%2Fcomments&post=466"}],"version-history":[{"count":2,"href":"https:\/\/alpha-majidi.com.tr\/index.php?rest_route=\/wp\/v2\/pages\/466\/revisions"}],"predecessor-version":[{"id":527,"href":"https:\/\/alpha-majidi.com.tr\/index.php?rest_route=\/wp\/v2\/pages\/466\/revisions\/527"}],"wp:attachment":[{"href":"https:\/\/alpha-majidi.com.tr\/index.php?rest_route=%2Fwp%2Fv2%2Fmedia&parent=466"}],"curies":[{"name":"wp","href":"https:\/\/api.w.org\/{rel}","templated":true}]}}